{"id":165,"date":"2019-02-01T16:46:27","date_gmt":"2019-02-01T15:46:27","guid":{"rendered":"http:\/\/klein-foto.com\/?page_id=165"},"modified":"2019-02-06T16:03:48","modified_gmt":"2019-02-06T15:03:48","slug":"vita","status":"publish","type":"page","link":"https:\/\/klein-foto.com\/?page_id=165","title":{"rendered":"vita"},"content":{"rendered":"<p>[et_pb_section fb_built=&#8220;1&#8243; _builder_version=&#8220;3.19.10&#8243; background_color=&#8220;rgba(0,0,0,0)&#8220; custom_padding=&#8220;54px|0px|3px|0px|false|false&#8220;][et_pb_row _builder_version=&#8220;3.0.48&#8243; background_size=&#8220;initial&#8220; background_position=&#8220;top_left&#8220; background_repeat=&#8220;repeat&#8220;][et_pb_column type=&#8220;4_4&#8243; _builder_version=&#8220;3.0.47&#8243; parallax=&#8220;off&#8220; parallax_method=&#8220;on&#8220;][et_pb_text _builder_version=&#8220;3.19.10&#8243; header_font_size=&#8220;5vw&#8220; header_font_size_tablet=&#8220;40px&#8220; header_font_size_phone=&#8220;30px&#8220; header_font_size_last_edited=&#8220;on|tablet&#8220;]<\/p>\n<h1 style=\"text-align: center;\">vita<\/h1>\n<p>[\/et_pb_text][\/et_pb_column][\/et_pb_row][\/et_pb_section][et_pb_section fb_built=&#8220;1&#8243; _builder_version=&#8220;3.0.47&#8243; custom_padding=&#8220;0|0px|54px|0px|false|false&#8220;][et_pb_row _builder_version=&#8220;3.0.48&#8243; background_size=&#8220;initial&#8220; background_position=&#8220;top_left&#8220; background_repeat=&#8220;repeat&#8220;][et_pb_column type=&#8220;1_3&#8243; _builder_version=&#8220;3.0.47&#8243; parallax=&#8220;off&#8220; parallax_method=&#8220;on&#8220;][et_pb_image src=&#8220;https:\/\/klein-foto.com\/wp-content\/uploads\/2019\/02\/Stefan.jpg&#8220; _builder_version=&#8220;3.19.11&#8243; custom_padding=&#8220;6px||&#8220;]<\/p>\n<p>[\/et_pb_image][\/et_pb_column][et_pb_column type=&#8220;2_3&#8243; _builder_version=&#8220;3.0.47&#8243; parallax=&#8220;off&#8220; parallax_method=&#8220;on&#8220;][et_pb_text _builder_version=&#8220;3.19.12&#8243;]Stefan Klein, 1966 in Frankfurt am Main geboren, blickt mittlerweile auf eine breite wie<br \/>\nhochkar\u00e4tige Vita im Bereich der Werbe-, Industrie- und Peoplefotografie zur\u00fcck.<br \/>\nNach langj\u00e4hrigen Auslandsaufenthalten in Moskau (1978 \u2013 1982) und Bogot\u00e1 (1982-1986)<br \/>\nabsolvierte er, nach seinem Abitur, von 1992 bis 1995 eine Ausbildung zum Fotografen beim HamburgerLuftbild- und Industriefotografen Manfred Schulze-Alex. Es folgten pr\u00e4gende Erfahrungen als Assistenzfotograf im Bereich Werbung, Mode und Industriefotografie, eine Festanstellung bei CS Studio Hamburg und ab 1997 schlie\u00dflich der Schritt in die Selbstst\u00e4ndigkeit.<\/p>\n<p>Seinem sicheren Gesp\u00fcr f\u00fcr die richtige \u201eEinstellung\u201c und seiner zuverl\u00e4ssigen Arbeitsweise kann Stefan Klein auf einen treuen Kundenstamm aus Werbung, Dienstleistung und Industrie z\u00e4hlen,<br \/>\nder weit \u00fcber den norddeutschen Raum hinaus reicht. Ein hohes Ma\u00df an fachlicher und \u00e4sthetischer Kompetenz sowie individuelle Betreuung vor Ort machen den professionellen Anspruch des gereiften Werbefotografen komplett.<\/p>\n<p>Stefan Klein arbeitet als freier Fotograf , mit eigenem Studio, in Hamburg.<br \/>\nIn seiner Freizeit ist er begeisterter Snowboarder, Wellenreiter und h\u00f6rt sehr gerne Musik.<br \/>\nStefan Klein lebt mit seiner Frau Jutta und Tochter Smilla vor den Toren Hamburgs, in Wedel.<br \/>\n[\/et_pb_text][et_pb_text _builder_version=&#8220;3.19.12&#8243; custom_padding=&#8220;30px|||&#8220; custom_padding_tablet=&#8220;20px|||&#8220; custom_padding_phone=&#8220;15px|||&#8220; custom_padding_last_edited=&#8220;on|phone&#8220;]<\/p>\n<p>Stefan Klein was born in Frankfurt in 1966. He is now looking back at his wide and exciting career in commercial, industrial and people photography. Stefan lived abroad for a longtime in Moscow (1978-1982) and Bogot\u00e1 (1982-1986). Following this he successfully completed photography training in Hamburg at Manfred Schulze-Alex to be an aerial picture and industrial photographer after his general qualification for university entrance. Experience in fashion and industrial photography followed when he was an assistant and during his permanent employment at CS Studio Hamburg. In 1997 Stefan finally ventured into freelance work.<\/p>\n<p> Due to his reliable intuition for proper adjustment and solid operation, Stefan Klein has\u00a0\u00a0\u00a0\u00a0\u00a0\u00a0\u00a0 established a faithful base of regular commercial service and industrial customers ranging much further than the North German region now. The professional standards of the experienced commercial photographer mean his work is completed to a high standard with aesthetical competency.<\/p>\n<p> Stefan Klein is now working as a freelance photographer with his own studio in Hamburg. His hobbies include snowboarding, surfing and music.<\/p>\n<p> He is living with his wife Jutta and his daughter Smilla at the gates of Hamburg in Wedel.<\/p>\n<p>[\/et_pb_text][\/et_pb_column][\/et_pb_row][\/et_pb_section]<\/p>\n","protected":false},"excerpt":{"rendered":"<p>[et_pb_section fb_built=&#8220;1&#8243; _builder_version=&#8220;3.19.10&#8243; background_color=&#8220;rgba(0,0,0,0)&#8220; custom_padding=&#8220;54px|0px|3px|0px|false|false&#8220;][et_pb_row _builder_version=&#8220;3.0.48&#8243; background_size=&#8220;initial&#8220; background_position=&#8220;top_left&#8220; background_repeat=&#8220;repeat&#8220;][et_pb_column type=&#8220;4_4&#8243; _builder_version=&#8220;3.0.47&#8243; parallax=&#8220;off&#8220; parallax_method=&#8220;on&#8220;][et_pb_text _builder_version=&#8220;3.19.10&#8243; header_font_size=&#8220;5vw&#8220; header_font_size_tablet=&#8220;40px&#8220; header_font_size_phone=&#8220;30px&#8220; header_font_size_last_edited=&#8220;on|tablet&#8220;] vita [\/et_pb_text][\/et_pb_column][\/et_pb_row][\/et_pb_section][et_pb_section fb_built=&#8220;1&#8243; _builder_version=&#8220;3.0.47&#8243; custom_padding=&#8220;0|0px|54px|0px|false|false&#8220;][et_pb_row _builder_version=&#8220;3.0.48&#8243; background_size=&#8220;initial&#8220; background_position=&#8220;top_left&#8220; background_repeat=&#8220;repeat&#8220;][et_pb_column type=&#8220;1_3&#8243; _builder_version=&#8220;3.0.47&#8243; parallax=&#8220;off&#8220; parallax_method=&#8220;on&#8220;][et_pb_image src=&#8220;https:\/\/klein-foto.com\/wp-content\/uploads\/2019\/02\/Stefan.jpg&#8220; _builder_version=&#8220;3.19.11&#8243; custom_padding=&#8220;6px||&#8220;] [\/et_pb_image][\/et_pb_column][et_pb_column type=&#8220;2_3&#8243; _builder_version=&#8220;3.0.47&#8243; parallax=&#8220;off&#8220; parallax_method=&#8220;on&#8220;][et_pb_text _builder_version=&#8220;3.19.12&#8243;]Stefan Klein, 1966 in Frankfurt am Main geboren, blickt mittlerweile auf eine breite wie hochkar\u00e4tige Vita [&hellip;]<\/p>\n","protected":false},"author":1,"featured_media":0,"parent":0,"menu_order":0,"comment_status":"closed","ping_status":"closed","template":"","meta":{"_et_pb_use_builder":"on","_et_pb_old_content":""},"_links":{"self":[{"href":"https:\/\/klein-foto.com\/index.php?rest_route=\/wp\/v2\/pages\/165"}],"collection":[{"href":"https:\/\/klein-foto.com\/index.php?rest_route=\/wp\/v2\/pages"}],"about":[{"href":"https:\/\/klein-foto.com\/index.php?rest_route=\/wp\/v2\/types\/page"}],"author":[{"embeddable":true,"href":"https:\/\/klein-foto.com\/index.php?rest_route=\/wp\/v2\/users\/1"}],"replies":[{"embeddable":true,"href":"https:\/\/klein-foto.com\/index.php?rest_route=%2Fwp%2Fv2%2Fcomments&post=165"}],"version-history":[{"count":20,"href":"https:\/\/klein-foto.com\/index.php?rest_route=\/wp\/v2\/pages\/165\/revisions"}],"predecessor-version":[{"id":338,"href":"https:\/\/klein-foto.com\/index.php?rest_route=\/wp\/v2\/pages\/165\/revisions\/338"}],"wp:attachment":[{"href":"https:\/\/klein-foto.com\/index.php?rest_route=%2Fwp%2Fv2%2Fmedia&parent=165"}],"curies":[{"name":"wp","href":"https:\/\/api.w.org\/{rel}","templated":true}]}}